{"id":222,"date":"2019-12-04T21:59:51","date_gmt":"2019-12-04T20:59:51","guid":{"rendered":"https:\/\/tournois-tarot-belote.projets-sh.enssat.fr\/?page_id=222"},"modified":"2020-09-23T13:29:48","modified_gmt":"2020-09-23T11:29:48","slug":"contact","status":"publish","type":"page","link":"https:\/\/tournois-tarot-belote.projets-sh.enssat.fr\/index.php\/contact","title":{"rendered":"Contact"},"content":{"rendered":"\t\t<div data-elementor-type=\"wp-page\" data-elementor-id=\"222\" class=\"elementor elementor-222\">\n\t\t\t\t\t\t<section class=\"elementor-section elementor-inner-section elementor-element elementor-element-7b0d20d9 elementor-section-boxed elementor-section-height-default elementor-section-height-default\" data-id=\"7b0d20d9\" data-element_type=\"section\" data-settings=\"{&quot;background_background&quot;:&quot;classic&quot;}\">\n\t\t\t\t\t\t<div class=\"elementor-container elementor-column-gap-default\">\n\t\t\t\t\t<div class=\"elementor-column elementor-col-33 elementor-inner-column elementor-element elementor-element-46eabee3\" data-id=\"46eabee3\" data-element_type=\"column\">\n\t\t\t<div class=\"elementor-widget-wrap elementor-element-populated\">\n\t\t\t\t\t\t<div class=\"elementor-element elementor-element-744f5a2 elementor-widget elementor-widget-image\" data-id=\"744f5a2\" data-element_type=\"widget\" data-widget_type=\"image.default\">\n\t\t\t\t<div class=\"elementor-widget-container\">\n\t\t\t\t\t\t\t\t\t\t\t\t\t\t\t<img decoding=\"async\" src=\"https:\/\/tournois-tarot-belote.projets-sh.enssat.fr\/wp-content\/uploads\/elementor\/thumbs\/LOGOv2.4WFilled-ohorqsyp9hzdpim5x4rcgp0dy13lv8qe4cm1f1337k.png\" title=\"LOGOv2.4WFilled\" alt=\"LOGOv2.4WFilled\" loading=\"lazy\" \/>\t\t\t\t\t\t\t\t\t\t\t\t\t\t\t<\/div>\n\t\t\t\t<\/div>\n\t\t\t\t\t<\/div>\n\t\t<\/div>\n\t\t\t\t<div class=\"elementor-column elementor-col-33 elementor-inner-column elementor-element elementor-element-4b12abb1\" data-id=\"4b12abb1\" data-element_type=\"column\">\n\t\t\t<div class=\"elementor-widget-wrap elementor-element-populated\">\n\t\t\t\t\t\t<div class=\"elementor-element elementor-element-76451b51 elementor-widget elementor-widget-ekit-nav-menu\" data-id=\"76451b51\" data-element_type=\"widget\" data-widget_type=\"ekit-nav-menu.default\">\n\t\t\t\t<div class=\"elementor-widget-container\">\n\t\t\t\t\t\t\t<nav class=\"ekit-wid-con ekit_menu_responsive_tablet\" \n\t\t\tdata-hamburger-icon=\"\" \n\t\t\tdata-hamburger-icon-type=\"icon\" \n\t\t\tdata-responsive-breakpoint=\"1024\">\n\t\t\t            <button class=\"elementskit-menu-hamburger elementskit-menu-toggler\"  type=\"button\" aria-label=\"hamburger-icon\">\n                                    <span class=\"elementskit-menu-hamburger-icon\"><\/span><span class=\"elementskit-menu-hamburger-icon\"><\/span><span class=\"elementskit-menu-hamburger-icon\"><\/span>\n                            <\/button>\n            <div id=\"ekit-megamenu-menu-principal\" class=\"elementskit-menu-container elementskit-menu-offcanvas-elements elementskit-navbar-nav-default ekit-nav-menu-one-page-no ekit-nav-dropdown-hover\"><ul id=\"menu-menu-principal\" class=\"elementskit-navbar-nav elementskit-menu-po-center submenu-click-on-icon\"><li id=\"menu-item-481\" class=\"menu-item menu-item-type-post_type menu-item-object-page menu-item-home menu-item-481 nav-item elementskit-mobile-builder-content\" data-vertical-menu=750px><a href=\"https:\/\/tournois-tarot-belote.projets-sh.enssat.fr\/\" class=\"ekit-menu-nav-link\"><i class=\"obfx-menu-icon fa fa-home\"><\/i>Accueil<\/a><\/li>\n<li id=\"menu-item-571\" class=\"menu-item menu-item-type-post_type menu-item-object-page menu-item-has-children menu-item-571 nav-item elementskit-dropdown-has relative_position elementskit-dropdown-menu-default_width elementskit-mobile-builder-content\" data-vertical-menu=750px><a href=\"https:\/\/tournois-tarot-belote.projets-sh.enssat.fr\/index.php\/equipe\" class=\"ekit-menu-nav-link ekit-menu-dropdown-toggle\"><i class=\"obfx-menu-icon fa fa-users\"><\/i>\u00c9quipes<i aria-hidden=\"true\" class=\"icon icon-down-arrow1 elementskit-submenu-indicator\"><\/i><\/a>\n<ul class=\"elementskit-dropdown elementskit-submenu-panel\">\n\t<li id=\"menu-item-574\" class=\"menu-item menu-item-type-post_type menu-item-object-page menu-item-574 nav-item elementskit-mobile-builder-content\" data-vertical-menu=750px><a href=\"https:\/\/tournois-tarot-belote.projets-sh.enssat.fr\/index.php\/equipe\" class=\" dropdown-item\">\u00c9dition 2020<\/a>\t<li id=\"menu-item-566\" class=\"menu-item menu-item-type-post_type menu-item-object-page menu-item-566 nav-item elementskit-mobile-builder-content\" data-vertical-menu=750px><a href=\"https:\/\/tournois-tarot-belote.projets-sh.enssat.fr\/index.php\/edition-precedente\" class=\" dropdown-item\">\u00c9dition 2019<\/a><\/ul>\n<\/li>\n<li id=\"menu-item-226\" class=\"menu-item menu-item-type-post_type menu-item-object-page menu-item-226 nav-item elementskit-mobile-builder-content\" data-vertical-menu=750px><a href=\"https:\/\/tournois-tarot-belote.projets-sh.enssat.fr\/index.php\/contact\" class=\"ekit-menu-nav-link\"><i class=\"obfx-menu-icon fa fa-comment\"><\/i>Contact<\/a><\/li>\n<li id=\"menu-item-589\" class=\"menu-item menu-item-type-post_type menu-item-object-page menu-item-589 nav-item elementskit-mobile-builder-content\" data-vertical-menu=750px><a href=\"https:\/\/tournois-tarot-belote.projets-sh.enssat.fr\/index.php\/nos-partenaires\" class=\"ekit-menu-nav-link\"><i class=\"obfx-menu-icon fa fa-rocket\"><\/i>Partenaires<\/a><\/li>\n<\/ul><div class=\"elementskit-nav-identity-panel\"><a class=\"elementskit-nav-logo\" href=\"https:\/\/tournois-tarot-belote.projets-sh.enssat.fr\" target=\"\" rel=\"\"><img src=\"https:\/\/tournois-tarot-belote.projets-sh.enssat.fr\/wp-content\/uploads\/2019\/12\/LOGOv2.4WFilled.png\" title=\"LOGOv2.4WFilled\" alt=\"LOGOv2.4WFilled\" decoding=\"async\" \/><\/a><button class=\"elementskit-menu-close elementskit-menu-toggler\" type=\"button\">X<\/button><\/div><\/div>\t\t\t\n\t\t\t<div class=\"elementskit-menu-overlay elementskit-menu-offcanvas-elements elementskit-menu-toggler ekit-nav-menu--overlay\"><\/div>        <\/nav>\n\t\t\t\t\t\t<\/div>\n\t\t\t\t<\/div>\n\t\t\t\t\t<\/div>\n\t\t<\/div>\n\t\t\t\t<div class=\"elementor-column elementor-col-33 elementor-inner-column elementor-element elementor-element-1ac15f53 elementor-hidden-tablet elementor-hidden-phone\" data-id=\"1ac15f53\" data-element_type=\"column\">\n\t\t\t<div class=\"elementor-widget-wrap elementor-element-populated\">\n\t\t\t\t\t\t<div class=\"elementor-element elementor-element-3325d9ad elementor-widget-tablet__width-auto elementor-hidden-tablet elementor-hidden-phone elementor-shape-rounded elementor-grid-0 e-grid-align-center elementor-widget elementor-widget-social-icons\" data-id=\"3325d9ad\" data-element_type=\"widget\" data-widget_type=\"social-icons.default\">\n\t\t\t\t<div class=\"elementor-widget-container\">\n\t\t\t\t\t\t\t<div class=\"elementor-social-icons-wrapper elementor-grid\" role=\"list\">\n\t\t\t\t\t\t\t<span class=\"elementor-grid-item\" role=\"listitem\">\n\t\t\t\t\t<a class=\"elementor-icon elementor-social-icon elementor-social-icon-icon-facebook elementor-repeater-item-b1e7547\" href=\"https:\/\/fb.me\/TournoisTarotBeloteEchecs\" target=\"_blank\">\n\t\t\t\t\t\t<span class=\"elementor-screen-only\">Icon-facebook<\/span>\n\t\t\t\t\t\t<i aria-hidden=\"true\" class=\"icon icon-facebook\"><\/i>\t\t\t\t\t<\/a>\n\t\t\t\t<\/span>\n\t\t\t\t\t\t\t<span class=\"elementor-grid-item\" role=\"listitem\">\n\t\t\t\t\t<a class=\"elementor-icon elementor-social-icon elementor-social-icon-facebook-messenger elementor-repeater-item-6750867\" href=\"https:\/\/m.me\/TournoisTarotBeloteEchecs\" target=\"_blank\">\n\t\t\t\t\t\t<span class=\"elementor-screen-only\">Facebook-messenger<\/span>\n\t\t\t\t\t\t<i aria-hidden=\"true\" class=\"fab fa-facebook-messenger\"><\/i>\t\t\t\t\t<\/a>\n\t\t\t\t<\/span>\n\t\t\t\t\t<\/div>\n\t\t\t\t\t\t<\/div>\n\t\t\t\t<\/div>\n\t\t\t\t\t<\/div>\n\t\t<\/div>\n\t\t\t\t\t<\/div>\n\t\t<\/section>\n\t\t\t\t<section class=\"elementor-section elementor-top-section elementor-element elementor-element-a4de8be elementor-section-boxed elementor-section-height-default elementor-section-height-default\" data-id=\"a4de8be\" data-element_type=\"section\">\n\t\t\t\t\t\t<div class=\"elementor-container elementor-column-gap-no\">\n\t\t\t\t\t<div class=\"elementor-column elementor-col-100 elementor-top-column elementor-element elementor-element-544ba26\" data-id=\"544ba26\" data-element_type=\"column\">\n\t\t\t<div class=\"elementor-widget-wrap elementor-element-populated\">\n\t\t\t\t\t\t<div class=\"elementor-element elementor-element-314bc97 elementor-widget elementor-widget-heading\" data-id=\"314bc97\" data-element_type=\"widget\" data-widget_type=\"heading.default\">\n\t\t\t\t<div class=\"elementor-widget-container\">\n\t\t\t\t\t<h2 class=\"elementor-heading-title elementor-size-default\">- Nous  contacter -<\/h2>\t\t\t\t<\/div>\n\t\t\t\t<\/div>\n\t\t\t\t<div class=\"elementor-element elementor-element-a1e0996 elementor-widget elementor-widget-text-editor\" data-id=\"a1e0996\" data-element_type=\"widget\" data-widget_type=\"text-editor.default\">\n\t\t\t\t<div class=\"elementor-widget-container\">\n\t\t\t\t\t\t\t\t\t<div>Suivez-nous sur notre page Facebook et contactez-nous sur Messenger en cliquant sur les icones respectives :<\/div>\t\t\t\t\t\t\t\t<\/div>\n\t\t\t\t<\/div>\n\t\t\t\t<div class=\"elementor-element elementor-element-13e2470 elementor-widget-tablet__width-auto elementor-shape-rounded elementor-grid-0 e-grid-align-center elementor-widget elementor-widget-social-icons\" data-id=\"13e2470\" data-element_type=\"widget\" data-widget_type=\"social-icons.default\">\n\t\t\t\t<div class=\"elementor-widget-container\">\n\t\t\t\t\t\t\t<div class=\"elementor-social-icons-wrapper elementor-grid\" role=\"list\">\n\t\t\t\t\t\t\t<span class=\"elementor-grid-item\" role=\"listitem\">\n\t\t\t\t\t<a class=\"elementor-icon elementor-social-icon elementor-social-icon-icon-facebook elementor-repeater-item-b1e7547\" href=\"https:\/\/fb.me\/TournoisTarotBeloteEchecs\" target=\"_blank\">\n\t\t\t\t\t\t<span class=\"elementor-screen-only\">Icon-facebook<\/span>\n\t\t\t\t\t\t<i aria-hidden=\"true\" class=\"icon icon-facebook\"><\/i>\t\t\t\t\t<\/a>\n\t\t\t\t<\/span>\n\t\t\t\t\t\t\t<span class=\"elementor-grid-item\" role=\"listitem\">\n\t\t\t\t\t<a class=\"elementor-icon elementor-social-icon elementor-social-icon-facebook-messenger elementor-repeater-item-6750867\" href=\"https:\/\/m.me\/TournoisTarotBeloteEchecs\" target=\"_blank\">\n\t\t\t\t\t\t<span class=\"elementor-screen-only\">Facebook-messenger<\/span>\n\t\t\t\t\t\t<i aria-hidden=\"true\" class=\"fab fa-facebook-messenger\"><\/i>\t\t\t\t\t<\/a>\n\t\t\t\t<\/span>\n\t\t\t\t\t<\/div>\n\t\t\t\t\t\t<\/div>\n\t\t\t\t<\/div>\n\t\t\t\t<div class=\"elementor-element elementor-element-06bb9c2 elementor-widget elementor-widget-text-editor\" data-id=\"06bb9c2\" data-element_type=\"widget\" data-widget_type=\"text-editor.default\">\n\t\t\t\t<div class=\"elementor-widget-container\">\n\t\t\t\t\t\t\t\t\t<p>Vous pouvez aussi nous contacter par mail \u00e0 l&rsquo;adresse suivante : <strong>shctb@enssat.fr<\/strong><\/p>\t\t\t\t\t\t\t\t<\/div>\n\t\t\t\t<\/div>\n\t\t\t\t<div class=\"elementor-element elementor-element-531db2d elementor-widget elementor-widget-image\" data-id=\"531db2d\" data-element_type=\"widget\" data-widget_type=\"image.default\">\n\t\t\t\t<div class=\"elementor-widget-container\">\n\t\t\t\t\t\t\t\t\t\t\t\t\t\t\t<img fetchpriority=\"high\" decoding=\"async\" width=\"1536\" height=\"863\" src=\"https:\/\/tournois-tarot-belote.projets-sh.enssat.fr\/wp-content\/uploads\/2019\/12\/Lannion1.jpg\" class=\"attachment-full size-full wp-image-393\" alt=\"\" srcset=\"https:\/\/tournois-tarot-belote.projets-sh.enssat.fr\/wp-content\/uploads\/2019\/12\/Lannion1.jpg 1536w, https:\/\/tournois-tarot-belote.projets-sh.enssat.fr\/wp-content\/uploads\/2019\/12\/Lannion1-300x169.jpg 300w, https:\/\/tournois-tarot-belote.projets-sh.enssat.fr\/wp-content\/uploads\/2019\/12\/Lannion1-1024x575.jpg 1024w, https:\/\/tournois-tarot-belote.projets-sh.enssat.fr\/wp-content\/uploads\/2019\/12\/Lannion1-768x432.jpg 768w\" sizes=\"(max-width: 1536px) 100vw, 1536px\" \/>\t\t\t\t\t\t\t\t\t\t\t\t\t\t\t<\/div>\n\t\t\t\t<\/div>\n\t\t\t\t\t<\/div>\n\t\t<\/div>\n\t\t\t\t\t<\/div>\n\t\t<\/section>\n\t\t\t\t<section class=\"elementor-section elementor-top-section elementor-element elementor-element-e2f176f elementor-section-boxed elementor-section-height-default elementor-section-height-default\" data-id=\"e2f176f\" data-element_type=\"section\">\n\t\t\t\t\t\t<div class=\"elementor-container elementor-column-gap-default\">\n\t\t\t\t\t<div class=\"elementor-column elementor-col-100 elementor-top-column elementor-element elementor-element-f6272c8\" data-id=\"f6272c8\" data-element_type=\"column\">\n\t\t\t<div class=\"elementor-widget-wrap elementor-element-populated\">\n\t\t\t\t\t\t<div class=\"elementor-element elementor-element-c0d7c97 elementor-widget elementor-widget-html\" data-id=\"c0d7c97\" data-element_type=\"widget\" data-widget_type=\"html.default\">\n\t\t\t\t<div class=\"elementor-widget-container\">\n\t\t\t\t\t<!-- Load Facebook SDK for JavaScript -->\n      <div id=\"fb-root\"><\/div>\n      <script>\n        window.fbAsyncInit = function() {\n          FB.init({\n            xfbml            : true,\n            version          : 'v5.0'\n          });\n        };\n\n        (function(d, s, id) {\n        var js, fjs = d.getElementsByTagName(s)[0];\n        if (d.getElementById(id)) return;\n        js = d.createElement(s); js.id = id;\n        js.src = 'https:\/\/connect.facebook.net\/fr_FR\/sdk\/xfbml.customerchat.js';\n        fjs.parentNode.insertBefore(js, fjs);\n      }(document, 'script', 'facebook-jssdk'));<\/script>\n\n      <!-- Your customer chat code -->\n      <div class=\"fb-customerchat\"\n        attribution=setup_tool\n        page_id=\"101383468021495\"\n  theme_color=\"#0084ff\"\n  logged_in_greeting=\"Bonjour, comment pouvons-nous vous aider ?\"\n  logged_out_greeting=\"Bonjour, comment pouvons-nous vous aider ?\">\n      <\/div>\t\t\t\t<\/div>\n\t\t\t\t<\/div>\n\t\t\t\t\t<\/div>\n\t\t<\/div>\n\t\t\t\t\t<\/div>\n\t\t<\/section>\n\t\t\t\t<section class=\"elementor-section elementor-top-section elementor-element elementor-element-22fd0f6c elementor-section-boxed elementor-section-height-default elementor-section-height-default\" data-id=\"22fd0f6c\" data-element_type=\"section\" data-settings=\"{&quot;background_background&quot;:&quot;classic&quot;}\">\n\t\t\t\t\t\t<div class=\"elementor-container elementor-column-gap-default\">\n\t\t\t\t\t<div class=\"elementor-column elementor-col-50 elementor-top-column elementor-element elementor-element-7a3c02c0\" data-id=\"7a3c02c0\" data-element_type=\"column\">\n\t\t\t<div class=\"elementor-widget-wrap elementor-element-populated\">\n\t\t\t\t\t\t<div class=\"elementor-element elementor-element-2ca25a50 elementor-widget elementor-widget-image\" data-id=\"2ca25a50\" data-element_type=\"widget\" data-widget_type=\"image.default\">\n\t\t\t\t<div class=\"elementor-widget-container\">\n\t\t\t\t\t\t\t\t\t\t\t\t\t\t\t\t<a href=\"https:\/\/elementskit.xpeedstudio.com\/\">\n\t\t\t\t\t\t\t<img decoding=\"async\" width=\"150\" height=\"150\" src=\"https:\/\/tournois-tarot-belote.projets-sh.enssat.fr\/wp-content\/uploads\/2019\/12\/LOGOv2.5N-150x150.png\" class=\"attachment-thumbnail size-thumbnail wp-image-181\" alt=\"\" srcset=\"https:\/\/tournois-tarot-belote.projets-sh.enssat.fr\/wp-content\/uploads\/2019\/12\/LOGOv2.5N-150x150.png 150w, https:\/\/tournois-tarot-belote.projets-sh.enssat.fr\/wp-content\/uploads\/2019\/12\/LOGOv2.5N-300x300.png 300w, https:\/\/tournois-tarot-belote.projets-sh.enssat.fr\/wp-content\/uploads\/2019\/12\/LOGOv2.5N-768x767.png 768w, https:\/\/tournois-tarot-belote.projets-sh.enssat.fr\/wp-content\/uploads\/2019\/12\/LOGOv2.5N-1024x1022.png 1024w, https:\/\/tournois-tarot-belote.projets-sh.enssat.fr\/wp-content\/uploads\/2019\/12\/LOGOv2.5N-250x250.png 250w, https:\/\/tournois-tarot-belote.projets-sh.enssat.fr\/wp-content\/uploads\/2019\/12\/LOGOv2.5N-174x174.png 174w, https:\/\/tournois-tarot-belote.projets-sh.enssat.fr\/wp-content\/uploads\/2019\/12\/LOGOv2.5N.png 1649w\" sizes=\"(max-width: 150px) 100vw, 150px\" \/>\t\t\t\t\t\t\t\t<\/a>\n\t\t\t\t\t\t\t\t\t\t\t\t\t\t\t<\/div>\n\t\t\t\t<\/div>\n\t\t\t\t\t<\/div>\n\t\t<\/div>\n\t\t\t\t<div class=\"elementor-column elementor-col-50 elementor-top-column elementor-element elementor-element-50946a3c\" data-id=\"50946a3c\" data-element_type=\"column\">\n\t\t\t<div class=\"elementor-widget-wrap elementor-element-populated\">\n\t\t\t\t\t\t<div class=\"elementor-element elementor-element-555e94de elementor-widget elementor-widget-heading\" data-id=\"555e94de\" data-element_type=\"widget\" data-widget_type=\"heading.default\">\n\t\t\t\t<div class=\"elementor-widget-container\">\n\t\t\t\t\t<h4 class=\"elementor-heading-title elementor-size-default\">Place de Viveiro, Lannion 22300<\/h4>\t\t\t\t<\/div>\n\t\t\t\t<\/div>\n\t\t\t\t<div class=\"elementor-element elementor-element-61b85694 e-grid-align-left elementor-shape-rounded elementor-grid-0 elementor-widget elementor-widget-social-icons\" data-id=\"61b85694\" data-element_type=\"widget\" data-widget_type=\"social-icons.default\">\n\t\t\t\t<div class=\"elementor-widget-container\">\n\t\t\t\t\t\t\t<div class=\"elementor-social-icons-wrapper elementor-grid\" role=\"list\">\n\t\t\t\t\t\t\t<span class=\"elementor-grid-item\" role=\"listitem\">\n\t\t\t\t\t<a class=\"elementor-icon elementor-social-icon elementor-social-icon-icon-facebook elementor-repeater-item-b1e7547\" href=\"https:\/\/fb.me\/TournoiTarotBeloteEchecs\" target=\"_blank\">\n\t\t\t\t\t\t<span class=\"elementor-screen-only\">Icon-facebook<\/span>\n\t\t\t\t\t\t<i aria-hidden=\"true\" class=\"icon icon-facebook\"><\/i>\t\t\t\t\t<\/a>\n\t\t\t\t<\/span>\n\t\t\t\t\t\t\t<span class=\"elementor-grid-item\" role=\"listitem\">\n\t\t\t\t\t<a class=\"elementor-icon elementor-social-icon elementor-social-icon-facebook-messenger elementor-repeater-item-6750867\" href=\"https:\/\/m.me\/TournoiTarotBeloteEchecs\" target=\"_blank\">\n\t\t\t\t\t\t<span class=\"elementor-screen-only\">Facebook-messenger<\/span>\n\t\t\t\t\t\t<i aria-hidden=\"true\" class=\"fab fa-facebook-messenger\"><\/i>\t\t\t\t\t<\/a>\n\t\t\t\t<\/span>\n\t\t\t\t\t<\/div>\n\t\t\t\t\t\t<\/div>\n\t\t\t\t<\/div>\n\t\t\t\t<div class=\"elementor-element elementor-element-5ad85ea5 elementor-widget elementor-widget-heading\" data-id=\"5ad85ea5\" data-element_type=\"widget\" data-widget_type=\"heading.default\">\n\t\t\t\t<div class=\"elementor-widget-container\">\n\t\t\t\t\t<h4 class=\"elementor-heading-title elementor-size-default\">\u00a9 2019, <strong>Team TCBE.<\/strong> Tout droits r\u00e9serv\u00e9s.<\/h4>\t\t\t\t<\/div>\n\t\t\t\t<\/div>\n\t\t\t\t\t<\/div>\n\t\t<\/div>\n\t\t\t\t\t<\/div>\n\t\t<\/section>\n\t\t\t\t<\/div>\n\t\t","protected":false},"excerpt":{"rendered":"<p>Accueil \u00c9quipes \u00c9dition 2020 \u00c9dition 2019 Contact Partenaires X Icon-facebook Facebook-messenger &#8211; Nous contacter &#8211; Suivez-nous sur notre page Facebook et contactez-nous sur Messenger en cliquant sur les icones respectives : Icon-facebook Facebook-messenger Vous pouvez aussi nous contacter par mail \u00e0 l&rsquo;adresse suivante : shctb@enssat.fr Place de Viveiro, Lannion 22300 Icon-facebook Facebook-messenger \u00a9 2019, Team <a href=\"https:\/\/tournois-tarot-belote.projets-sh.enssat.fr\/index.php\/contact\" rel=\"nofollow\"><span class=\"sr-only\">En savoir plus surContact<\/span>[&hellip;]<\/a><\/p>\n","protected":false},"author":2,"featured_media":0,"parent":0,"menu_order":0,"comment_status":"closed","ping_status":"closed","template":"elementor_canvas","meta":{"footnotes":""},"class_list":["post-222","page","type-page","status-publish","hentry"],"_links":{"self":[{"href":"https:\/\/tournois-tarot-belote.projets-sh.enssat.fr\/index.php\/wp-json\/wp\/v2\/pages\/222","targetHints":{"allow":["GET"]}}],"collection":[{"href":"https:\/\/tournois-tarot-belote.projets-sh.enssat.fr\/index.php\/wp-json\/wp\/v2\/pages"}],"about":[{"href":"https:\/\/tournois-tarot-belote.projets-sh.enssat.fr\/index.php\/wp-json\/wp\/v2\/types\/page"}],"author":[{"embeddable":true,"href":"https:\/\/tournois-tarot-belote.projets-sh.enssat.fr\/index.php\/wp-json\/wp\/v2\/users\/2"}],"replies":[{"embeddable":true,"href":"https:\/\/tournois-tarot-belote.projets-sh.enssat.fr\/index.php\/wp-json\/wp\/v2\/comments?post=222"}],"version-history":[{"count":36,"href":"https:\/\/tournois-tarot-belote.projets-sh.enssat.fr\/index.php\/wp-json\/wp\/v2\/pages\/222\/revisions"}],"predecessor-version":[{"id":658,"href":"https:\/\/tournois-tarot-belote.projets-sh.enssat.fr\/index.php\/wp-json\/wp\/v2\/pages\/222\/revisions\/658"}],"wp:attachment":[{"href":"https:\/\/tournois-tarot-belote.projets-sh.enssat.fr\/index.php\/wp-json\/wp\/v2\/media?parent=222"}],"curies":[{"name":"wp","href":"https:\/\/api.w.org\/{rel}","templated":true}]}}